{"id":50,"date":"2023-01-03T20:14:30","date_gmt":"2023-01-03T20:14:30","guid":{"rendered":"https:\/\/construccioneshgr.es\/?page_id=50"},"modified":"2023-01-12T22:54:56","modified_gmt":"2023-01-12T22:54:56","slug":"urbanizaciones","status":"publish","type":"page","link":"https:\/\/construccioneshgr.es\/index.php\/servicios\/urbanizaciones\/","title":{"rendered":"Urbanizaciones"},"content":{"rendered":"<p>[et_pb_section fb_built=\u00bb1&#8243; fullwidth=\u00bbon\u00bb _builder_version=\u00bb4.19.4&#8243; _module_preset=\u00bbdefault\u00bb global_colors_info=\u00bb{}\u00bb][et_pb_fullwidth_header title=\u00bbUrbanizaciones\u00bb text_orientation=\u00bbcenter\u00bb _builder_version=\u00bb4.19.4&#8243; _module_preset=\u00bbdefault\u00bb title_text_color=\u00bb#000000&#8243; background_enable_color=\u00bboff\u00bb background_image=\u00bbhttps:\/\/construccioneshgr.es\/wp-content\/uploads\/2023\/01\/reformas.jpg\u00bb title_text_shadow_style=\u00bbpreset2&#8243; global_colors_info=\u00bb{}\u00bb][\/et_pb_fullwidth_header][\/et_pb_section][et_pb_section fb_built=\u00bb1&#8243; _builder_version=\u00bb4.19.4&#8243; _module_preset=\u00bbdefault\u00bb global_colors_info=\u00bb{}\u00bb][et_pb_row column_structure=\u00bb2_5,3_5&#8243; _builder_version=\u00bb4.19.4&#8243; _module_preset=\u00bbdefault\u00bb global_colors_info=\u00bb{}\u00bb][et_pb_column type=\u00bb2_5&#8243; _builder_version=\u00bb4.19.4&#8243; _module_preset=\u00bbdefault\u00bb global_colors_info=\u00bb{}\u00bb][et_pb_image src=\u00bbhttps:\/\/construccioneshgr.es\/wp-content\/uploads\/2023\/01\/skyscraper-1893191_640.jpg\u00bb title_text=\u00bbskyscraper-1893191_640&#8243; _builder_version=\u00bb4.19.4&#8243; _module_preset=\u00bbdefault\u00bb global_colors_info=\u00bb{}\u00bb][\/et_pb_image][\/et_pb_column][et_pb_column type=\u00bb3_5&#8243; _builder_version=\u00bb4.19.4&#8243; _module_preset=\u00bbdefault\u00bb global_colors_info=\u00bb{}\u00bb][et_pb_text _builder_version=\u00bb4.19.4&#8243; _module_preset=\u00bbdefault\u00bb hover_enabled=\u00bb0&#8243; global_colors_info=\u00bb{}\u00bb sticky_enabled=\u00bb0&#8243;]<\/p>\n<p>En su \u00a0sentido , urbanizaci\u00f3n refiere a la acci\u00f3n y resultado de urbanizar. La palabra urbanizar b\u00e1sicamente hace referencia a la construcci\u00f3n de viviendas que se lleva a cabo en un terreno que ha sido previamente delimitado para tal fin y proveer al mismo de todos aquellos servicios necesarios, luz, gas, agua, saneamientos, tel\u00e9fono, entre otros, para poder luego ser habitado por familias.<\/p>\n<p>Construcciones HGR cuenta con un departamento de arquitectos de reconocido prestigio que pueden encargarse de la realizaci\u00f3n del proyecto, siempre buscando las mejores soluciones urban\u00edsticas y medioambientales, adem\u00e1s de las econ\u00f3micas que estas son siempre muy importantes para la viabilidad del proyecto.<\/p>\n<p>El cliente siempre a su disposici\u00f3n tiene la opci\u00f3n de contratar lo que en todo momento estime mas oportuno, bien el\u00a0<strong>proyecto llave<\/strong>\u00a0<strong>en mano<\/strong>\u00a0o por el contrario la ejecuci\u00f3n del mismo.<\/p>\n<p>En las distintas opciones es Construcciones HGR el que se encarga de la \u00a0ejecuci\u00f3n de los distintos trabajos hasta \u00a0la totalidad de la terminaci\u00f3n de los mismos y la entrega de la obra finalizada.<\/p>\n<p>La opci\u00f3n llave en mano tiene la ventaja de \u00a0poder ofertar el\u00a0<strong>precio<\/strong>\u00a0<strong>final cerrado<\/strong>, ya que el estudio del proyecto a sido realizado por nuestros t\u00e9cnicos.<\/p>\n<p>[\/et_pb_text][\/et_pb_column][\/et_pb_row][\/et_pb_section]<\/p>\n","protected":false},"excerpt":{"rendered":"<p>En su \u00a0sentido , urbanizaci\u00f3n refiere a la acci\u00f3n y resultado de urbanizar. La palabra urbanizar b\u00e1sicamente hace referencia a la construcci\u00f3n de viviendas que se lleva a cabo en un terreno que ha sido previamente delimitado para tal fin y proveer al mismo de todos aquellos servicios necesarios, luz, gas, agua, saneamientos, tel\u00e9fono, entre [&hellip;]<\/p>\n","protected":false},"author":1,"featured_media":0,"parent":27,"menu_order":0,"comment_status":"closed","ping_status":"closed","template":"","meta":{"_et_pb_use_builder":"on","_et_pb_old_content":"","_et_gb_content_width":"","footnotes":""},"class_list":["post-50","page","type-page","status-publish","hentry"],"yoast_head":"<!-- This site is optimized with the Yoast SEO plugin v24.7 - https:\/\/yoast.com\/wordpress\/plugins\/seo\/ -->\n<title>Urbanizaciones - Construcciones HGR<\/title>\n<meta name=\"robots\" content=\"index, follow, max-snippet:-1, max-image-preview:large, max-video-preview:-1\" \/>\n<link rel=\"canonical\" href=\"https:\/\/construccioneshgr.es\/index.php\/servicios\/urbanizaciones\/\" \/>\n<meta property=\"og:locale\" content=\"es_ES\" \/>\n<meta property=\"og:type\" content=\"article\" \/>\n<meta property=\"og:title\" content=\"Urbanizaciones - Construcciones HGR\" \/>\n<meta property=\"og:url\" content=\"https:\/\/construccioneshgr.es\/index.php\/servicios\/urbanizaciones\/\" \/>\n<meta property=\"og:site_name\" content=\"Construcciones HGR\" \/>\n<meta property=\"article:modified_time\" content=\"2023-01-12T22:54:56+00:00\" \/>\n<meta name=\"twitter:card\" content=\"summary_large_image\" \/>\n<meta name=\"twitter:label1\" content=\"Tiempo de lectura\" \/>\n\t<meta name=\"twitter:data1\" content=\"2 minutos\" \/>\n<script type=\"application\/ld+json\" class=\"yoast-schema-graph\">{\"@context\":\"https:\/\/schema.org\",\"@graph\":[{\"@type\":\"WebPage\",\"@id\":\"https:\/\/construccioneshgr.es\/index.php\/servicios\/urbanizaciones\/\",\"url\":\"https:\/\/construccioneshgr.es\/index.php\/servicios\/urbanizaciones\/\",\"name\":\"Urbanizaciones - Construcciones HGR\",\"isPartOf\":{\"@id\":\"https:\/\/construccioneshgr.es\/#website\"},\"datePublished\":\"2023-01-03T20:14:30+00:00\",\"dateModified\":\"2023-01-12T22:54:56+00:00\",\"breadcrumb\":{\"@id\":\"https:\/\/construccioneshgr.es\/index.php\/servicios\/urbanizaciones\/#breadcrumb\"},\"inLanguage\":\"es\",\"potentialAction\":[{\"@type\":\"ReadAction\",\"target\":[\"https:\/\/construccioneshgr.es\/index.php\/servicios\/urbanizaciones\/\"]}]},{\"@type\":\"BreadcrumbList\",\"@id\":\"https:\/\/construccioneshgr.es\/index.php\/servicios\/urbanizaciones\/#breadcrumb\",\"itemListElement\":[{\"@type\":\"ListItem\",\"position\":1,\"name\":\"Portada\",\"item\":\"https:\/\/construccioneshgr.es\/\"},{\"@type\":\"ListItem\",\"position\":2,\"name\":\"Servicios\",\"item\":\"https:\/\/construccioneshgr.es\/index.php\/servicios\/\"},{\"@type\":\"ListItem\",\"position\":3,\"name\":\"Urbanizaciones\"}]},{\"@type\":\"WebSite\",\"@id\":\"https:\/\/construccioneshgr.es\/#website\",\"url\":\"https:\/\/construccioneshgr.es\/\",\"name\":\"Construcciones HGR\",\"description\":\"\",\"potentialAction\":[{\"@type\":\"SearchAction\",\"target\":{\"@type\":\"EntryPoint\",\"urlTemplate\":\"https:\/\/construccioneshgr.es\/?s={search_term_string}\"},\"query-input\":{\"@type\":\"PropertyValueSpecification\",\"valueRequired\":true,\"valueName\":\"search_term_string\"}}],\"inLanguage\":\"es\"}]}<\/script>\n<!-- \/ Yoast SEO plugin. -->","yoast_head_json":{"title":"Urbanizaciones - Construcciones HGR","robots":{"index":"index","follow":"follow","max-snippet":"max-snippet:-1","max-image-preview":"max-image-preview:large","max-video-preview":"max-video-preview:-1"},"canonical":"https:\/\/construccioneshgr.es\/index.php\/servicios\/urbanizaciones\/","og_locale":"es_ES","og_type":"article","og_title":"Urbanizaciones - Construcciones HGR","og_url":"https:\/\/construccioneshgr.es\/index.php\/servicios\/urbanizaciones\/","og_site_name":"Construcciones HGR","article_modified_time":"2023-01-12T22:54:56+00:00","twitter_card":"summary_large_image","twitter_misc":{"Tiempo de lectura":"2 minutos"},"schema":{"@context":"https:\/\/schema.org","@graph":[{"@type":"WebPage","@id":"https:\/\/construccioneshgr.es\/index.php\/servicios\/urbanizaciones\/","url":"https:\/\/construccioneshgr.es\/index.php\/servicios\/urbanizaciones\/","name":"Urbanizaciones - Construcciones HGR","isPartOf":{"@id":"https:\/\/construccioneshgr.es\/#website"},"datePublished":"2023-01-03T20:14:30+00:00","dateModified":"2023-01-12T22:54:56+00:00","breadcrumb":{"@id":"https:\/\/construccioneshgr.es\/index.php\/servicios\/urbanizaciones\/#breadcrumb"},"inLanguage":"es","potentialAction":[{"@type":"ReadAction","target":["https:\/\/construccioneshgr.es\/index.php\/servicios\/urbanizaciones\/"]}]},{"@type":"BreadcrumbList","@id":"https:\/\/construccioneshgr.es\/index.php\/servicios\/urbanizaciones\/#breadcrumb","itemListElement":[{"@type":"ListItem","position":1,"name":"Portada","item":"https:\/\/construccioneshgr.es\/"},{"@type":"ListItem","position":2,"name":"Servicios","item":"https:\/\/construccioneshgr.es\/index.php\/servicios\/"},{"@type":"ListItem","position":3,"name":"Urbanizaciones"}]},{"@type":"WebSite","@id":"https:\/\/construccioneshgr.es\/#website","url":"https:\/\/construccioneshgr.es\/","name":"Construcciones HGR","description":"","potentialAction":[{"@type":"SearchAction","target":{"@type":"EntryPoint","urlTemplate":"https:\/\/construccioneshgr.es\/?s={search_term_string}"},"query-input":{"@type":"PropertyValueSpecification","valueRequired":true,"valueName":"search_term_string"}}],"inLanguage":"es"}]}},"jetpack_sharing_enabled":true,"_links":{"self":[{"href":"https:\/\/construccioneshgr.es\/index.php\/wp-json\/wp\/v2\/pages\/50","targetHints":{"allow":["GET"]}}],"collection":[{"href":"https:\/\/construccioneshgr.es\/index.php\/wp-json\/wp\/v2\/pages"}],"about":[{"href":"https:\/\/construccioneshgr.es\/index.php\/wp-json\/wp\/v2\/types\/page"}],"author":[{"embeddable":true,"href":"https:\/\/construccioneshgr.es\/index.php\/wp-json\/wp\/v2\/users\/1"}],"replies":[{"embeddable":true,"href":"https:\/\/construccioneshgr.es\/index.php\/wp-json\/wp\/v2\/comments?post=50"}],"version-history":[{"count":4,"href":"https:\/\/construccioneshgr.es\/index.php\/wp-json\/wp\/v2\/pages\/50\/revisions"}],"predecessor-version":[{"id":165,"href":"https:\/\/construccioneshgr.es\/index.php\/wp-json\/wp\/v2\/pages\/50\/revisions\/165"}],"up":[{"embeddable":true,"href":"https:\/\/construccioneshgr.es\/index.php\/wp-json\/wp\/v2\/pages\/27"}],"wp:attachment":[{"href":"https:\/\/construccioneshgr.es\/index.php\/wp-json\/wp\/v2\/media?parent=50"}],"curies":[{"name":"wp","href":"https:\/\/api.w.org\/{rel}","templated":true}]}}