{"id":46,"date":"2023-01-03T20:13:43","date_gmt":"2023-01-03T20:13:43","guid":{"rendered":"https:\/\/construccioneshgr.es\/?page_id=46"},"modified":"2023-01-12T22:51:23","modified_gmt":"2023-01-12T22:51:23","slug":"cubiertas","status":"publish","type":"page","link":"https:\/\/construccioneshgr.es\/index.php\/servicios\/cubiertas\/","title":{"rendered":"Cubiertas"},"content":{"rendered":"<p>[et_pb_section fb_built=\u00bb1&#8243; fullwidth=\u00bbon\u00bb _builder_version=\u00bb4.19.4&#8243; _module_preset=\u00bbdefault\u00bb global_colors_info=\u00bb{}\u00bb][et_pb_fullwidth_header title=\u00bbCubiertas\u00bb text_orientation=\u00bbcenter\u00bb _builder_version=\u00bb4.19.4&#8243; _module_preset=\u00bbdefault\u00bb title_text_color=\u00bb#000000&#8243; background_enable_color=\u00bboff\u00bb background_image=\u00bbhttps:\/\/construccioneshgr.es\/wp-content\/uploads\/2023\/01\/reformas.jpg\u00bb title_text_shadow_style=\u00bbpreset2&#8243; global_colors_info=\u00bb{}\u00bb][\/et_pb_fullwidth_header][\/et_pb_section][et_pb_section fb_built=\u00bb1&#8243; _builder_version=\u00bb4.19.4&#8243; _module_preset=\u00bbdefault\u00bb global_colors_info=\u00bb{}\u00bb][et_pb_row column_structure=\u00bb2_5,3_5&#8243; _builder_version=\u00bb4.19.4&#8243; _module_preset=\u00bbdefault\u00bb global_colors_info=\u00bb{}\u00bb][et_pb_column type=\u00bb2_5&#8243; _builder_version=\u00bb4.19.4&#8243; _module_preset=\u00bbdefault\u00bb global_colors_info=\u00bb{}\u00bb][et_pb_image src=\u00bbhttps:\/\/construccioneshgr.es\/wp-content\/uploads\/2023\/01\/scaffold-1207389_640.jpg\u00bb title_text=\u00bbscaffold-1207389_640&#8243; _builder_version=\u00bb4.19.4&#8243; _module_preset=\u00bbdefault\u00bb global_colors_info=\u00bb{}\u00bb][\/et_pb_image][\/et_pb_column][et_pb_column type=\u00bb3_5&#8243; _builder_version=\u00bb4.19.4&#8243; _module_preset=\u00bbdefault\u00bb global_colors_info=\u00bb{}\u00bb][et_pb_text _builder_version=\u00bb4.19.4&#8243; _module_preset=\u00bbdefault\u00bb hover_enabled=\u00bb0&#8243; global_colors_info=\u00bb{}\u00bb sticky_enabled=\u00bb0&#8243;]<\/p>\n<p><span lang=\"ES-TRAD\" xml:lang=\"ES-TRAD\">Somos una empresa con a\u00f1os de experiencia, \u00a0especializada en la reforma de tejados , impermeabilizaciones de todo tipo.<\/span><\/p>\n<p><span lang=\"ES-TRAD\" xml:lang=\"ES-TRAD\">Contamos con una \u00a0infraestructura, adecuada para sacar adelante cualquier obra de rehabilitaci\u00f3n e impermeabilizaci\u00f3n y reforma de tejados \u00a0que demanden nuestros clientes.<\/span><\/p>\n<p>Con personal altamente cualificado, formados y comprometidos con su trabajo. Realizamos trabajos de caracter\u00edsticas muy distintas, todos ellos con el mejor resultado exigido por la propiedad. Siguiendo en todo momento las normas de Seguridad e Higiene en el Trabajo.<\/p>\n<p>Ofrecemos\u00a0<strong>Garant\u00edas<\/strong>\u00a0por escrito de todas las obras que realizamos.<\/p>\n<p>Nuestros T\u00e9cnicos se desplazaran a visitar su obra insitu y le redactar\u00e1n un presupuesto personalizado con las mejores soluciones para usted, todo ello sin coste alguno y sin ning\u00fan tipo de compromiso.<\/p>\n<p><strong>Para Construcciones HGR, la satisfacci\u00f3n del cliente es lo m\u00e1s importante.<\/strong><\/p>\n<p>[\/et_pb_text][\/et_pb_column][\/et_pb_row][\/et_pb_section]<\/p>\n","protected":false},"excerpt":{"rendered":"<p>Somos una empresa con a\u00f1os de experiencia, \u00a0especializada en la reforma de tejados , impermeabilizaciones de todo tipo. Contamos con una \u00a0infraestructura, adecuada para sacar adelante cualquier obra de rehabilitaci\u00f3n e impermeabilizaci\u00f3n y reforma de tejados \u00a0que demanden nuestros clientes. Con personal altamente cualificado, formados y comprometidos con su trabajo. Realizamos trabajos de caracter\u00edsticas muy [&hellip;]<\/p>\n","protected":false},"author":1,"featured_media":0,"parent":27,"menu_order":0,"comment_status":"closed","ping_status":"closed","template":"","meta":{"_et_pb_use_builder":"on","_et_pb_old_content":"","_et_gb_content_width":"","footnotes":""},"class_list":["post-46","page","type-page","status-publish","hentry"],"yoast_head":"<!-- This site is optimized with the Yoast SEO plugin v24.7 - https:\/\/yoast.com\/wordpress\/plugins\/seo\/ -->\n<title>Cubiertas - Construcciones HGR<\/title>\n<meta name=\"robots\" content=\"index, follow, max-snippet:-1, max-image-preview:large, max-video-preview:-1\" \/>\n<link rel=\"canonical\" href=\"https:\/\/construccioneshgr.es\/index.php\/servicios\/cubiertas\/\" \/>\n<meta property=\"og:locale\" content=\"es_ES\" \/>\n<meta property=\"og:type\" content=\"article\" \/>\n<meta property=\"og:title\" content=\"Cubiertas - Construcciones HGR\" \/>\n<meta property=\"og:url\" content=\"https:\/\/construccioneshgr.es\/index.php\/servicios\/cubiertas\/\" \/>\n<meta property=\"og:site_name\" content=\"Construcciones HGR\" \/>\n<meta property=\"article:modified_time\" content=\"2023-01-12T22:51:23+00:00\" \/>\n<meta name=\"twitter:card\" content=\"summary_large_image\" \/>\n<meta name=\"twitter:label1\" content=\"Tiempo de lectura\" \/>\n\t<meta name=\"twitter:data1\" content=\"1 minuto\" \/>\n<script type=\"application\/ld+json\" class=\"yoast-schema-graph\">{\"@context\":\"https:\/\/schema.org\",\"@graph\":[{\"@type\":\"WebPage\",\"@id\":\"https:\/\/construccioneshgr.es\/index.php\/servicios\/cubiertas\/\",\"url\":\"https:\/\/construccioneshgr.es\/index.php\/servicios\/cubiertas\/\",\"name\":\"Cubiertas - Construcciones HGR\",\"isPartOf\":{\"@id\":\"https:\/\/construccioneshgr.es\/#website\"},\"datePublished\":\"2023-01-03T20:13:43+00:00\",\"dateModified\":\"2023-01-12T22:51:23+00:00\",\"breadcrumb\":{\"@id\":\"https:\/\/construccioneshgr.es\/index.php\/servicios\/cubiertas\/#breadcrumb\"},\"inLanguage\":\"es\",\"potentialAction\":[{\"@type\":\"ReadAction\",\"target\":[\"https:\/\/construccioneshgr.es\/index.php\/servicios\/cubiertas\/\"]}]},{\"@type\":\"BreadcrumbList\",\"@id\":\"https:\/\/construccioneshgr.es\/index.php\/servicios\/cubiertas\/#breadcrumb\",\"itemListElement\":[{\"@type\":\"ListItem\",\"position\":1,\"name\":\"Portada\",\"item\":\"https:\/\/construccioneshgr.es\/\"},{\"@type\":\"ListItem\",\"position\":2,\"name\":\"Servicios\",\"item\":\"https:\/\/construccioneshgr.es\/index.php\/servicios\/\"},{\"@type\":\"ListItem\",\"position\":3,\"name\":\"Cubiertas\"}]},{\"@type\":\"WebSite\",\"@id\":\"https:\/\/construccioneshgr.es\/#website\",\"url\":\"https:\/\/construccioneshgr.es\/\",\"name\":\"Construcciones HGR\",\"description\":\"\",\"potentialAction\":[{\"@type\":\"SearchAction\",\"target\":{\"@type\":\"EntryPoint\",\"urlTemplate\":\"https:\/\/construccioneshgr.es\/?s={search_term_string}\"},\"query-input\":{\"@type\":\"PropertyValueSpecification\",\"valueRequired\":true,\"valueName\":\"search_term_string\"}}],\"inLanguage\":\"es\"}]}<\/script>\n<!-- \/ Yoast SEO plugin. -->","yoast_head_json":{"title":"Cubiertas - Construcciones HGR","robots":{"index":"index","follow":"follow","max-snippet":"max-snippet:-1","max-image-preview":"max-image-preview:large","max-video-preview":"max-video-preview:-1"},"canonical":"https:\/\/construccioneshgr.es\/index.php\/servicios\/cubiertas\/","og_locale":"es_ES","og_type":"article","og_title":"Cubiertas - Construcciones HGR","og_url":"https:\/\/construccioneshgr.es\/index.php\/servicios\/cubiertas\/","og_site_name":"Construcciones HGR","article_modified_time":"2023-01-12T22:51:23+00:00","twitter_card":"summary_large_image","twitter_misc":{"Tiempo de lectura":"1 minuto"},"schema":{"@context":"https:\/\/schema.org","@graph":[{"@type":"WebPage","@id":"https:\/\/construccioneshgr.es\/index.php\/servicios\/cubiertas\/","url":"https:\/\/construccioneshgr.es\/index.php\/servicios\/cubiertas\/","name":"Cubiertas - Construcciones HGR","isPartOf":{"@id":"https:\/\/construccioneshgr.es\/#website"},"datePublished":"2023-01-03T20:13:43+00:00","dateModified":"2023-01-12T22:51:23+00:00","breadcrumb":{"@id":"https:\/\/construccioneshgr.es\/index.php\/servicios\/cubiertas\/#breadcrumb"},"inLanguage":"es","potentialAction":[{"@type":"ReadAction","target":["https:\/\/construccioneshgr.es\/index.php\/servicios\/cubiertas\/"]}]},{"@type":"BreadcrumbList","@id":"https:\/\/construccioneshgr.es\/index.php\/servicios\/cubiertas\/#breadcrumb","itemListElement":[{"@type":"ListItem","position":1,"name":"Portada","item":"https:\/\/construccioneshgr.es\/"},{"@type":"ListItem","position":2,"name":"Servicios","item":"https:\/\/construccioneshgr.es\/index.php\/servicios\/"},{"@type":"ListItem","position":3,"name":"Cubiertas"}]},{"@type":"WebSite","@id":"https:\/\/construccioneshgr.es\/#website","url":"https:\/\/construccioneshgr.es\/","name":"Construcciones HGR","description":"","potentialAction":[{"@type":"SearchAction","target":{"@type":"EntryPoint","urlTemplate":"https:\/\/construccioneshgr.es\/?s={search_term_string}"},"query-input":{"@type":"PropertyValueSpecification","valueRequired":true,"valueName":"search_term_string"}}],"inLanguage":"es"}]}},"jetpack_sharing_enabled":true,"_links":{"self":[{"href":"https:\/\/construccioneshgr.es\/index.php\/wp-json\/wp\/v2\/pages\/46","targetHints":{"allow":["GET"]}}],"collection":[{"href":"https:\/\/construccioneshgr.es\/index.php\/wp-json\/wp\/v2\/pages"}],"about":[{"href":"https:\/\/construccioneshgr.es\/index.php\/wp-json\/wp\/v2\/types\/page"}],"author":[{"embeddable":true,"href":"https:\/\/construccioneshgr.es\/index.php\/wp-json\/wp\/v2\/users\/1"}],"replies":[{"embeddable":true,"href":"https:\/\/construccioneshgr.es\/index.php\/wp-json\/wp\/v2\/comments?post=46"}],"version-history":[{"count":5,"href":"https:\/\/construccioneshgr.es\/index.php\/wp-json\/wp\/v2\/pages\/46\/revisions"}],"predecessor-version":[{"id":163,"href":"https:\/\/construccioneshgr.es\/index.php\/wp-json\/wp\/v2\/pages\/46\/revisions\/163"}],"up":[{"embeddable":true,"href":"https:\/\/construccioneshgr.es\/index.php\/wp-json\/wp\/v2\/pages\/27"}],"wp:attachment":[{"href":"https:\/\/construccioneshgr.es\/index.php\/wp-json\/wp\/v2\/media?parent=46"}],"curies":[{"name":"wp","href":"https:\/\/api.w.org\/{rel}","templated":true}]}}