{"id":183,"date":"2023-01-13T23:44:47","date_gmt":"2023-01-13T23:44:47","guid":{"rendered":"https:\/\/construccioneshgr.es\/?page_id=183"},"modified":"2023-01-18T22:59:29","modified_gmt":"2023-01-18T22:59:29","slug":"politica-de-privacidad","status":"publish","type":"page","link":"https:\/\/construccioneshgr.es\/index.php\/politica-de-privacidad\/","title":{"rendered":"Pol\u00edtica de Privacidad"},"content":{"rendered":"<p>\u201cGrupo HGR 90, S.L.\u201d informa a los usuarios del sitio web sobre su pol\u00edtica respecto del tratamiento y protecci\u00f3n de los datos de car\u00e1cter personal de los usuarios y clientes que puedan ser recabados por la navegaci\u00f3n, adquisici\u00f3n de productos o contrataci\u00f3n de servicios a trav\u00e9s de su sitio web. En este sentido, \u201cConstrucciones HGR\u201d garantiza el cumplimiento de la normativa vigente en materia de protecci\u00f3n de datos personales, reflejada en el Reglamento (UE) 2016\/679, del Parlamento Europeo y del Consejo, de 27 de abril de 2016 (RGPD), relativo a la protecci\u00f3n de las personas f\u00edsicas en lo que respecta al tratamiento de datos personales y a la libre circulaci\u00f3n de estos datos y por el que se deroga la Directiva 95\/46\/CE, y por la Ley Org\u00e1nica 3\/2018, de 5 de diciembre, de Protecci\u00f3n de datos personales y garant\u00eda de los derechos digitales.<\/p>\n<p><strong>MEDIDAS DE SEGURIDAD<\/strong><\/p>\n<p>En cumplimiento de la legislaci\u00f3n vigente en materia de protecci\u00f3n de datos, se informa a los usuarios de que, en \u201cConstrucciones HGR\u201d, se han adoptado las medidas t\u00e9cnicas y organizativas conforme a lo dispuesto en la citada normativa. Los datos personales que se recogen en los formularios son objeto de tratamiento, \u00fanicamente, por parte del personal de \u201cConstrucciones HGR\u00bb o de los Encargados del Tratamiento aqu\u00ed establecidos. Se han adoptado las medidas de seguridad adecuadas a los datos que se facilitan y, adem\u00e1s, se han instalado todos los medios y medidas t\u00e9cnicas a su alcance para evitar la p\u00e9rdida, mal uso, alteraci\u00f3n, acceso no autorizado y robo de los datos que nos facilitan.<\/p>\n<p><strong><br \/>\nVERACIDAD DE LOS DATOS<\/strong><\/p>\n<p>El Cliente o Usuario manifiesta que todos los datos facilitados por \u00e9l son ciertos y correctos y se compromete a mantenerlos actualizados, comunicando, a \u201cConstrucciones HGR\u201d, cualquier modificaci\u00f3n de los mismos. El usuario responder\u00e1 de la veracidad de sus datos y ser\u00e1 el \u00fanico responsable de cuantos conflictos o litigios pudieran resultar por la falsedad de los mismos. Es importante que, para que podamos mantener los datos personales actualizados, el usuario informe a \u201cConstrucciones HGR\u201d siempre que haya habido alguna modificaci\u00f3n en los mismos. En caso contrario, no podemos responder de su veracidad.<\/p>\n<p><strong><br \/>\nEJERCICIO DE DERECHOS<\/strong><\/p>\n<p>La LOPD y el RGPD conceden a los interesados la posibilidad de ejercer una serie de derechos relacionados con el tratamiento de sus datos personales. En tanto en cuanto los datos del usuario son objeto de tratamiento por parte de \u201cConstrucciones HGR\u201d, \u00e9stos podr\u00e1n ejercer sus derechos. Para ello, el usuario deber\u00e1 dirigirse, aportando documentaci\u00f3n que acredite su identidad (DNI o pasaporte), mediante correo electr\u00f3nico a info@construccioneshgr.es, o bien mediante comunicaci\u00f3n escrita a la direcci\u00f3n que aparece en nuestro aviso legal. Dicha comunicaci\u00f3n deber\u00e1 reflejar la siguiente informaci\u00f3n: Nombre y apellidos del usuario, la petici\u00f3n de solicitud, el domicilio y los datos acreditativos.<\/p>\n<p>El ejercicio de derechos deber\u00e1 ser realizado por el propio usuario. No obstante, podr\u00e1n ser ejecutados por una persona autorizada como representante legal del autorizado. En tal caso, se deber\u00e1 aportar la documentaci\u00f3n que acredite esta representaci\u00f3n del interesado.<\/p>\n<p>El usuario podr\u00e1 solicitar el ejercicio de los derechos siguientes:<\/p>\n<ul>\n<li>Derecho a solicitar el acceso a los datos personales.<\/li>\n<li>Derecho a solicitar su rectificaci\u00f3n (en caso de que sean incorrectos) o supresi\u00f3n.<\/li>\n<li>Derecho a solicitar la limitaci\u00f3n de su tratamiento, en cuyo caso \u00fanicamente ser\u00e1n conservados por \u201cConstrucciones HGR\u201d para el ejercicio o la defensa de reclamaciones.<\/li>\n<li>Derecho a oponerse al tratamiento: \u201cConstrucciones HGR\u201d dejar\u00e1 de tratar sus datos, salvo que por motivos leg\u00edtimos o el ejercicio o la defensa de posibles reclamaciones se tengan que seguir tratando.<\/li>\n<li>Derecho a la portabilidad de los datos: en caso de que quiera que sus datos sean tratados por otra firma, \u201cConstrucciones HGR\u201d le facilitar\u00e1 la portabilidad de sus datos al nuevo responsable.<\/li>\n<\/ul>\n<p>En el caso de que se haya otorgado el consentimiento para alguna finalidad espec\u00edfica,\u00a0<strong>el usuario tiene derecho a retirar el consentimiento en cualquier momento<\/strong>, sin que ello afecte a la licitud del tratamiento basado en el consentimiento previo a su retirada.<\/p>\n<p>Si un usuario considera que hay un problema con la forma en que \u201cConstrucciones HGR\u201d est\u00e1 manejando sus datos, puede dirigir sus reclamaciones al Responsable de Seguridad o a la autoridad de protecci\u00f3n de datos que corresponda, siendo la Agencia Espa\u00f1ola de Protecci\u00f3n de Datos la indicada en el caso de Espa\u00f1a.<\/p>\n<p><strong>CONSERVACI\u00d3N DE LOS DATOS<\/strong><\/p>\n<p>Los datos desagregados ser\u00e1n conservados sin plazo de supresi\u00f3n. En cuanto a los datos de Clientes, el per\u00edodo de conservaci\u00f3n de los datos personales variar\u00e1 en funci\u00f3n del servicio que el Cliente contrate. En cualquier caso, ser\u00e1 el m\u00ednimo necesario, pudiendo mantenerse hasta:<\/p>\n<ul>\n<li>4 a\u00f1os: Ley sobre Infracciones y Sanciones en el Orden Social (obligaciones en materia de afiliaci\u00f3n, altas, bajas, cotizaci\u00f3n, pago de salarios\u2026); Arts. 66 y sig. Ley General Tributaria (libros de contabilidad\u2026)<\/li>\n<li>5 a\u00f1os: Art. 1964 C\u00f3digo Civil (acciones personales sin plazo especial)<\/li>\n<li>6 a\u00f1os: Art. 30 C\u00f3digo de Comercio (libros de contabilidad, facturas\u2026)<\/li>\n<li>10 a\u00f1os: Art. 25 Ley de Prevenci\u00f3n del Blanqueo de Capitales y Financiaci\u00f3n del Terrorismo.<\/li>\n<\/ul>\n<p>Los usuarios de listas de correo o los subidos por \u201cConstrucciones HGR\u201d a p\u00e1ginas o perfiles de RRSS, se conservar\u00e1n hasta que el usuario retire el consentimiento.<\/p>\n<p>Datos de candidatos (C.V.), de haberlos: En caso de que el candidato no sea seleccionado, \u201cConstrucciones HGR\u201d podr\u00e1 mantener almacenado su curr\u00edculo un m\u00e1ximo de dos a\u00f1os para incorporarlo a futuras convocatorias, a menos que el candidato se manifieste en contrario.<\/p>\n<p><strong><br \/>\nOBTENCI\u00d3N Y TRATAMIENTO DE DATOS<\/strong><\/p>\n<p>\u201cConstrucciones HGR\u201d tiene el deber de informar a los usuarios de su sitio web acerca de la recogida de datos de car\u00e1cter personal que pueden llevarse a cabo, bien sea mediante el env\u00edo de correo electr\u00f3nico o al cumplimentar los formularios incluidos en el sitio web. En este sentido, \u201cConstrucciones HGR\u201d ser\u00e1 considerada como Responsable de los datos recabados mediante los medios anteriormente descritos.<\/p>\n<p>A su vez \u201cConstrucciones HGR\u201d informa a los usuarios de que la finalidad del tratamiento de los datos recabados contempla la atenci\u00f3n de solicitudes realizadas por los usuarios, la inclusi\u00f3n en la agenda de contactos, la prestaci\u00f3n de productos o servicios y la gesti\u00f3n de la relaci\u00f3n comercial. Las operaciones, gestiones y procedimientos t\u00e9cnicos que se realicen de forma automatizada o no automatizada y que posibiliten la recogida, el almacenamiento, la modificaci\u00f3n, la transferencia y otras acciones sobre datos de car\u00e1cter personal, tienen la consideraci\u00f3n de Tratamiento de datos personales.<\/p>\n<p>El Sitio Web de \u201cConstrucciones HGR\u201d cuenta con un cifrado SSL, que permite al Usuario el env\u00edo seguro de sus datos personales a trav\u00e9s de los formularios de contacto del sitio web.<\/p>\n<p>\u201cConstrucciones HGR\u201d pone a disposici\u00f3n de los usuarios una serie de mecanismos telem\u00e1ticos para la recogida y tratamiento de sus datos personales, con las finalidades previstas anteriormente. Los datos personales proporcionados de manera telem\u00e1tica, bien sea a trav\u00e9s de email, de los formularios de contacto de esta web o contrataciones online ser\u00e1n utilizados para la gesti\u00f3n comercial y administrativa de los clientes y usuarios de la empresa. Estos datos, ser\u00e1n tratados a trav\u00e9s de servidores gestionados por <a href=\"https:\/\/www.axarnet.es\/\">https:\/\/axarnet.es\/<\/a>, que tambi\u00e9n es la empresa prestadora de servicios de correo electr\u00f3nico, y, que tendr\u00e1 la consideraci\u00f3n de Encargado del Tratamiento.<\/p>\n<p>Por su parte, los datos de correo y nombre ser\u00e1n incorporados a una base de datos para el env\u00edo de comunicaciones comerciales y gestionar la suscripci\u00f3n a los servicios solicitados por el cliente o usuario. Podr\u00e1 darse de baja en cualquier momento pulsando el enlace que encontrar\u00e1 en nuestras comunicaciones, o dirigiendo una solicitud de ejercicio de su derecho a la empresa Encargado del Tratamiento o a \u201cConstrucciones HGR\u201d.<\/p>\n<p>Nuestro prestador de servicios de correo electr\u00f3nico, a trav\u00e9s de los cuales se realizar\u00e1n las comunicaciones, es axarnet.<\/p>\n<p>Tal y como establece la LSSICE, \u201cConstrucciones HGR\u201d se compromete a no remitir comunicaciones comerciales sin identificarlas como tales. A estos efectos, no ser\u00e1 considerada como comunicaci\u00f3n comercial la informaci\u00f3n enviada a los clientes para el mantenimiento de la relaci\u00f3n contractual existente.<\/p>\n<p>En cualquier caso, se obtendr\u00e1n \u00fanicamente los datos precisos para poder realizar el servicio contratado, o para poder responder adecuadamente a la petici\u00f3n de informaci\u00f3n realizada por el usuario.<\/p>\n<p>En ocasiones, los datos personales se proporcionar\u00e1n a trav\u00e9s de enlaces a sitios web de terceros. En este caso, en ning\u00fan momento el personal de \u201cConstrucciones HGR\u201d tendr\u00e1 acceso a los datos personales que el Cliente facilite a dichos terceros.<\/p>\n<p><strong><br \/>\nCOMUNICACI\u00d3N DE INFORMACI\u00d3N A TERCEROS<\/strong><\/p>\n<p>\u201cConstrucciones HGR\u201d no ceder\u00e1 ni comunicar\u00e1 a ning\u00fan tercero tus datos, excepto en los casos legalmente previstos o cuando la prestaci\u00f3n de un servicio implique la necesidad de una relaci\u00f3n contractual con un encargado de tratamiento, y siempre de acuerdo con las condiciones generales aprobadas por el usuario con anterioridad a la contrataci\u00f3n del mismo. As\u00ed, al contratar nuestros servicios, el usuario acepta que alguno de los mismos puedan ser, total o parcialmente, subcontratados a otras personas o empresas, que tendr\u00e1n la consideraci\u00f3n de Encargados del Tratamiento, con los que se ha convenido el correspondiente contrato de confidencialidad, o adherido a sus pol\u00edticas de privacidad, establecidas en sus respectivas p\u00e1ginas web. Tambi\u00e9n acepta que algunos de los datos personales recabados sean facilitados a estos Encargados del Tratamiento, cuando sea necesario para la efectiva realizaci\u00f3n del servicio contratado. El usuario podr\u00e1 negarse a la cesi\u00f3n de tus datos a los Encargados del Tratamiento, mediante petici\u00f3n escrita, por cualquiera de los medios anteriormente referenciados.<\/p>\n<p><strong><br \/>\nCONFIDENCIALIDAD<\/strong><\/p>\n<p>La informaci\u00f3n suministrada por el cliente tendr\u00e1, en todo caso, la consideraci\u00f3n de confidencial, sin que pueda ser utilizada para otros fines que los relacionados con los servicios contratados o productos adquiridos a \u201cConstrucciones HGR\u201d. \u201cConstrucciones HGR\u201d se obliga a no divulgar ni revelar informaci\u00f3n sobre las pretensiones del cliente, los motivos del asesoramiento solicitado o la duraci\u00f3n de su relaci\u00f3n con este.<\/p>\n<p><strong><br \/>\nVALIDEZ<\/strong><\/p>\n<p>Esta pol\u00edtica de privacidad y de protecci\u00f3n de datos ha sido redactada a d\u00eda 14 de junio de 2019, y podr\u00e1 variar en funci\u00f3n de los cambios de normativa y jurisprudencia que se vayan produciendo, siendo responsabilidad del titular de los datos la lectura del documento actualizado, en orden a conocer sus derechos y obligaciones al respecto en cada momento.<\/p>\n<p><strong>Condiciones de Uso<\/strong><\/p>\n<p>Este Sitio Web contiene textos elaborados con fines meramente informativos o divulgativos, que pueden no reflejar el estado actual de la legislaci\u00f3n o la jurisprudencia, y que se refieren a situaciones generales, por lo que su contenido no debe ser aplicado necesariamente por el usuario a casos concretos.<\/p>\n<p>En esta web se detallan los servicios ofrecidos por \u201cConstrucciones HGR\u201d. Su uso implica la aceptaci\u00f3n de las siguientes condiciones, declinando realizar cualquier reclamaci\u00f3n sobre las mismas:<\/p>\n<ol>\n<li>a) El uso de esta web est\u00e1 dirigido a personas mayores de edad.<\/li>\n<li>b) \u201cConstrucciones HGR\u201d podr\u00e1 modificar el contenido de la web, sus servicios, tarifas, garant\u00edas, etc., en cualquier momento y sin previo aviso.<\/li>\n<li>c) \u201cConstrucciones HGR\u201d puede poner a disposici\u00f3n del usuario enlaces u otros elementos que permiten el acceso hacia otros sitios web pertenecientes a terceros. No comercializamos los productos y servicios de dichas p\u00e1ginas enlazadas, ni asumimos ning\u00fan tipo de responsabilidad sobre las mismas, ni sobre la informaci\u00f3n contenida en ellas, ni su veracidad o licitud, ni de cualesquiera efectos que pudieran derivarse. En todo caso, \u201cConstrucciones HGR\u201d manifiesta que proceder\u00e1 a la retirada inmediata de cualquier contenido que pudiera contravenir la legislaci\u00f3n nacional o internacional, la moral o el orden p\u00fablico, procediendo a la retirada inmediata de la redirecci\u00f3n a dicho sitio web, poniendo en conocimiento de las autoridades competentes el contenido en cuesti\u00f3n.<\/li>\n<li>d) No\u00a0es necesario registrarse en la web, ni facilitar ning\u00fan tipo de dato personal, para navegar por la misma.<\/li>\n<li>e) \u201cConstrucciones HGR\u201d no puede garantizar el funcionamiento ininterrumpido o totalmente libre de errores de esta web. Por tanto, no nos hacemos responsables de ning\u00fan da\u00f1o causado por el uso de este sitio.<\/li>\n<li>f) \u201cConstrucciones HGR\u201d ofrece sus servicios y productos de manera indefinida, pudiendo, no obstante, suspender la prestaci\u00f3n de los mismos, unilateralmente y sin previo aviso.<\/li>\n<li>g) \u201cConstrucciones HGR\u201d no se har\u00e1 responsable de los da\u00f1os y perjuicios, propios o a terceros, producidos por un mal uso de esta web por parte del cliente.<\/li>\n<li>h) El usuario se compromete a no utilizar esta web ni los servicios ofrecidos en ella para la realizaci\u00f3n de actividades contrarias a la ley, al orden p\u00fablico o a estas condiciones.<\/li>\n<li>i) \u201cConstrucciones HGR\u201d no se responsabiliza de los virus que tengan su origen en una transmisi\u00f3n telem\u00e1tica infiltrados por terceros generados con la finalidad de obtener resultados negativos para un sistema inform\u00e1tico.<\/li>\n<li><strong>j)\u00a0<\/strong>\u201cConstrucciones HGR\u201d <strong>no se hace responsable de la informaci\u00f3n y contenidos almacenados, a t\u00edtulo enunciativo pero no limitativo, en foros, chat\u00b4s, generadores de blogs, comentarios, redes sociales o cualesquiera otro medio que permita a terceros publicar contenidos de forma independiente en la p\u00e1gina web del prestador. No obstante y en cumplimiento de lo dispuesto en el art. 11 y 16 de la LSSI-CE,\u00a0<\/strong>\u201cConstrucciones HGR\u201d <strong>se pone a disposici\u00f3n de todos los usuarios, autoridades y fuerzas de seguridad, y colaborando de forma activa en la retirada o en su caso bloqueo de todos aquellos contenidos que pudieran afectar o contravenir la legislaci\u00f3n nacional, o internacional, derechos de terceros o la moral y el orden p\u00fablico. En caso de que el usuario considere que existe en el sitio web alg\u00fan contenido que pudiera ser susceptible de esta clasificaci\u00f3n, se ruega lo notifique de forma inmediata al administrador del sitio web.<\/strong><\/li>\n<li>k) Este sitio web ha sido revisado y probado para que funcione correctamente. En principio, puede garantizarse el correcto funcionamiento los 365 d\u00edas del a\u00f1o, 24 horas al d\u00eda. No obstante, \u201cConstrucciones HGR\u201d no descarta la posibilidad de que existan ciertos errores de programaci\u00f3n, o que acontezcan causas de fuerza mayor, cat\u00e1strofes naturales, huelgas, o circunstancias semejantes que hagan imposible el acceso a la p\u00e1gina web.<\/li>\n<li>l) Las opiniones vertidas en los mismos no reflejan necesariamente los puntos de vista de \u201cConstrucciones HGR\u201d. El contenido de los art\u00edculos publicados en este Sitio Web no puede ser considerado, en ning\u00fan caso, sustitutivo de asesoramiento legal. El usuario no debe actuar sobre la base de la informaci\u00f3n contenida en este Sitio Web sin recurrir previamente al correspondiente asesoramiento profesional.<\/li>\n<\/ol>\n<p>En definitiva, el usuario es el \u00fanico responsable del uso que realice de los servicios, contenidos y enlaces incluidos esta web.<\/p>\n<p>&nbsp;<\/p>\n","protected":false},"excerpt":{"rendered":"<p>\u201cGrupo HGR 90, S.L.\u201d informa a los usuarios del sitio web sobre su pol\u00edtica respecto del tratamiento y protecci\u00f3n de los datos de car\u00e1cter personal de los usuarios y clientes que puedan ser recabados por la navegaci\u00f3n, adquisici\u00f3n de productos o contrataci\u00f3n de servicios a trav\u00e9s de su sitio web. En este sentido, \u201cConstrucciones HGR\u201d [&hellip;]<\/p>\n","protected":false},"author":1,"featured_media":0,"parent":0,"menu_order":0,"comment_status":"closed","ping_status":"closed","template":"","meta":{"_et_pb_use_builder":"","_et_pb_old_content":"","_et_gb_content_width":"","footnotes":""},"class_list":["post-183","page","type-page","status-publish","hentry"],"yoast_head":"<!-- This site is optimized with the Yoast SEO plugin v24.7 - https:\/\/yoast.com\/wordpress\/plugins\/seo\/ -->\n<title>Pol\u00edtica de Privacidad - Construcciones HGR<\/title>\n<meta name=\"description\" content=\"\u201cGrupo HGR 90, S.L.\u201d informa a los usuarios del sitio web sobre su pol\u00edtica respecto del tratamiento y protecci\u00f3n de los datos de car\u00e1cter personal de los\" \/>\n<meta name=\"robots\" content=\"index, follow, max-snippet:-1, max-image-preview:large, max-video-preview:-1\" \/>\n<link rel=\"canonical\" href=\"https:\/\/construccioneshgr.es\/index.php\/politica-de-privacidad\/\" \/>\n<meta property=\"og:locale\" content=\"es_ES\" \/>\n<meta property=\"og:type\" content=\"article\" \/>\n<meta property=\"og:title\" content=\"Pol\u00edtica de Privacidad - Construcciones HGR\" \/>\n<meta property=\"og:description\" content=\"\u201cGrupo HGR 90, S.L.\u201d informa a los usuarios del sitio web sobre su pol\u00edtica respecto del tratamiento y protecci\u00f3n de los datos de car\u00e1cter personal de los\" \/>\n<meta property=\"og:url\" content=\"https:\/\/construccioneshgr.es\/index.php\/politica-de-privacidad\/\" \/>\n<meta property=\"og:site_name\" content=\"Construcciones HGR\" \/>\n<meta property=\"article:modified_time\" content=\"2023-01-18T22:59:29+00:00\" \/>\n<meta name=\"twitter:card\" content=\"summary_large_image\" \/>\n<meta name=\"twitter:label1\" content=\"Tiempo de lectura\" \/>\n\t<meta name=\"twitter:data1\" content=\"11 minutos\" \/>\n<script type=\"application\/ld+json\" class=\"yoast-schema-graph\">{\"@context\":\"https:\/\/schema.org\",\"@graph\":[{\"@type\":\"WebPage\",\"@id\":\"https:\/\/construccioneshgr.es\/index.php\/politica-de-privacidad\/\",\"url\":\"https:\/\/construccioneshgr.es\/index.php\/politica-de-privacidad\/\",\"name\":\"Pol\u00edtica de Privacidad - Construcciones HGR\",\"isPartOf\":{\"@id\":\"https:\/\/construccioneshgr.es\/#website\"},\"datePublished\":\"2023-01-13T23:44:47+00:00\",\"dateModified\":\"2023-01-18T22:59:29+00:00\",\"description\":\"\u201cGrupo HGR 90, S.L.\u201d informa a los usuarios del sitio web sobre su pol\u00edtica respecto del tratamiento y protecci\u00f3n de los datos de car\u00e1cter personal de los\",\"breadcrumb\":{\"@id\":\"https:\/\/construccioneshgr.es\/index.php\/politica-de-privacidad\/#breadcrumb\"},\"inLanguage\":\"es\",\"potentialAction\":[{\"@type\":\"ReadAction\",\"target\":[\"https:\/\/construccioneshgr.es\/index.php\/politica-de-privacidad\/\"]}]},{\"@type\":\"BreadcrumbList\",\"@id\":\"https:\/\/construccioneshgr.es\/index.php\/politica-de-privacidad\/#breadcrumb\",\"itemListElement\":[{\"@type\":\"ListItem\",\"position\":1,\"name\":\"Portada\",\"item\":\"https:\/\/construccioneshgr.es\/\"},{\"@type\":\"ListItem\",\"position\":2,\"name\":\"Pol\u00edtica de Privacidad\"}]},{\"@type\":\"WebSite\",\"@id\":\"https:\/\/construccioneshgr.es\/#website\",\"url\":\"https:\/\/construccioneshgr.es\/\",\"name\":\"Construcciones HGR\",\"description\":\"\",\"potentialAction\":[{\"@type\":\"SearchAction\",\"target\":{\"@type\":\"EntryPoint\",\"urlTemplate\":\"https:\/\/construccioneshgr.es\/?s={search_term_string}\"},\"query-input\":{\"@type\":\"PropertyValueSpecification\",\"valueRequired\":true,\"valueName\":\"search_term_string\"}}],\"inLanguage\":\"es\"}]}<\/script>\n<!-- \/ Yoast SEO plugin. -->","yoast_head_json":{"title":"Pol\u00edtica de Privacidad - Construcciones HGR","description":"\u201cGrupo HGR 90, S.L.\u201d informa a los usuarios del sitio web sobre su pol\u00edtica respecto del tratamiento y protecci\u00f3n de los datos de car\u00e1cter personal de los","robots":{"index":"index","follow":"follow","max-snippet":"max-snippet:-1","max-image-preview":"max-image-preview:large","max-video-preview":"max-video-preview:-1"},"canonical":"https:\/\/construccioneshgr.es\/index.php\/politica-de-privacidad\/","og_locale":"es_ES","og_type":"article","og_title":"Pol\u00edtica de Privacidad - Construcciones HGR","og_description":"\u201cGrupo HGR 90, S.L.\u201d informa a los usuarios del sitio web sobre su pol\u00edtica respecto del tratamiento y protecci\u00f3n de los datos de car\u00e1cter personal de los","og_url":"https:\/\/construccioneshgr.es\/index.php\/politica-de-privacidad\/","og_site_name":"Construcciones HGR","article_modified_time":"2023-01-18T22:59:29+00:00","twitter_card":"summary_large_image","twitter_misc":{"Tiempo de lectura":"11 minutos"},"schema":{"@context":"https:\/\/schema.org","@graph":[{"@type":"WebPage","@id":"https:\/\/construccioneshgr.es\/index.php\/politica-de-privacidad\/","url":"https:\/\/construccioneshgr.es\/index.php\/politica-de-privacidad\/","name":"Pol\u00edtica de Privacidad - Construcciones HGR","isPartOf":{"@id":"https:\/\/construccioneshgr.es\/#website"},"datePublished":"2023-01-13T23:44:47+00:00","dateModified":"2023-01-18T22:59:29+00:00","description":"\u201cGrupo HGR 90, S.L.\u201d informa a los usuarios del sitio web sobre su pol\u00edtica respecto del tratamiento y protecci\u00f3n de los datos de car\u00e1cter personal de los","breadcrumb":{"@id":"https:\/\/construccioneshgr.es\/index.php\/politica-de-privacidad\/#breadcrumb"},"inLanguage":"es","potentialAction":[{"@type":"ReadAction","target":["https:\/\/construccioneshgr.es\/index.php\/politica-de-privacidad\/"]}]},{"@type":"BreadcrumbList","@id":"https:\/\/construccioneshgr.es\/index.php\/politica-de-privacidad\/#breadcrumb","itemListElement":[{"@type":"ListItem","position":1,"name":"Portada","item":"https:\/\/construccioneshgr.es\/"},{"@type":"ListItem","position":2,"name":"Pol\u00edtica de Privacidad"}]},{"@type":"WebSite","@id":"https:\/\/construccioneshgr.es\/#website","url":"https:\/\/construccioneshgr.es\/","name":"Construcciones HGR","description":"","potentialAction":[{"@type":"SearchAction","target":{"@type":"EntryPoint","urlTemplate":"https:\/\/construccioneshgr.es\/?s={search_term_string}"},"query-input":{"@type":"PropertyValueSpecification","valueRequired":true,"valueName":"search_term_string"}}],"inLanguage":"es"}]}},"jetpack_sharing_enabled":true,"_links":{"self":[{"href":"https:\/\/construccioneshgr.es\/index.php\/wp-json\/wp\/v2\/pages\/183","targetHints":{"allow":["GET"]}}],"collection":[{"href":"https:\/\/construccioneshgr.es\/index.php\/wp-json\/wp\/v2\/pages"}],"about":[{"href":"https:\/\/construccioneshgr.es\/index.php\/wp-json\/wp\/v2\/types\/page"}],"author":[{"embeddable":true,"href":"https:\/\/construccioneshgr.es\/index.php\/wp-json\/wp\/v2\/users\/1"}],"replies":[{"embeddable":true,"href":"https:\/\/construccioneshgr.es\/index.php\/wp-json\/wp\/v2\/comments?post=183"}],"version-history":[{"count":3,"href":"https:\/\/construccioneshgr.es\/index.php\/wp-json\/wp\/v2\/pages\/183\/revisions"}],"predecessor-version":[{"id":196,"href":"https:\/\/construccioneshgr.es\/index.php\/wp-json\/wp\/v2\/pages\/183\/revisions\/196"}],"wp:attachment":[{"href":"https:\/\/construccioneshgr.es\/index.php\/wp-json\/wp\/v2\/media?parent=183"}],"curies":[{"name":"wp","href":"https:\/\/api.w.org\/{rel}","templated":true}]}}