{"id":177,"date":"2023-01-13T23:23:56","date_gmt":"2023-01-13T23:23:56","guid":{"rendered":"https:\/\/construccioneshgr.es\/?page_id=177"},"modified":"2023-01-17T23:47:57","modified_gmt":"2023-01-17T23:47:57","slug":"aviso-legal","status":"publish","type":"page","link":"https:\/\/construccioneshgr.es\/index.php\/aviso-legal\/","title":{"rendered":"Aviso Legal"},"content":{"rendered":"<p>En cumplimiento de la\u00a0Ley 34\/2002, de 11 de julio, de Servicios de la Sociedad de la Informaci\u00f3n y Comercio Electr\u00f3nico (LSSI CE), informamos a los usuarios de los datos de la empresa propietaria de esta web:<\/p>\n<p><u>Responsable<\/u><\/p>\n<p><strong>-Denominaci\u00f3n Social<\/strong>: Grupo HGR 90, S.L.<br \/>\n<strong>-CIF \/ NIF<\/strong>: B10574705<br \/>\n<strong>-Nombre Comercial<\/strong>: Construcciones HGR<br \/>\n<strong>-Domicilio Social<\/strong>: C\/Ciudad de C\u00e1ceres n\u00ba 2 &#8211; 05004 \u00c1vila<\/p>\n<p><u>Contacto<\/u><\/p>\n<p><strong>-Tel\u00e9fono<\/strong>: 689 183 076<br \/>\n<strong>-eMail<\/strong>: info@construccioneshgr.es<br \/>\n<strong>-Formulario de contacto online<\/strong>:\u00a0<a href=\"https:\/\/clinicadentalherpaden.com\/#Contacto\">https:\/\/construccioneshgr.es\/#Contacto<\/a><\/p>\n<p><u>Registros:<\/u><\/p>\n<p>\u2013<strong>Registro de Tratamientos conforme al RGPD:<\/strong>\u00a0Clientes\/Proveedores, Listas de Correo y Usuarios Web.<br \/>\n<strong>-Nombre de dominio (sitio web)<\/strong>: <a href=\"https:\/\/construccioneshgr.es\">https:\/\/construccioneshgr.es<\/a><\/p>\n<p><strong>OBJETO<\/strong><\/p>\n<p>Grupo HGR 90, S.L., responsable del sitio web, pone a disposici\u00f3n de los usuarios el presente documento con el que pretende dar cumplimiento a las obligaciones dispuestas en la Ley 34\/2002, de Servicios de la Sociedad de la Informaci\u00f3n y del Comercio Electr\u00f3nico (LSSI-CE), as\u00ed como informar a todos los usuarios del sitio web respecto a cu\u00e1les son las condiciones de uso del mismo.<\/p>\n<p>Toda persona que acceda a este sitio web asume el papel de usuario, comprometi\u00e9ndose a la observancia y cumplimiento riguroso de las disposiciones aqu\u00ed dispuestas, as\u00ed como a cualesquiera otra disposici\u00f3n legal que fuera de aplicaci\u00f3n.<\/p>\n<p>\u00abGrupo HGR 90, S.L.\u00bb se reserva el derecho a modificar cualquier tipo de informaci\u00f3n que pudiera aparecer en el sitio web, sin que exista obligaci\u00f3n de preavisar o poner en conocimiento de los usuarios dichas obligaciones, entendi\u00e9ndose como suficiente con la publicaci\u00f3n en el sitio web.<\/p>\n<p><strong><br \/>\nPROTECCI\u00d3N DE DATOS<\/strong><\/p>\n<p><strong>GRUPO HGR 90, S.L. <\/strong>se encuentra profundamente comprometida con el cumplimiento de la normativa espa\u00f1ola de protecci\u00f3n de datos de car\u00e1cter personal, y garantiza el cumplimiento \u00edntegro de las obligaciones dispuestas, as\u00ed como la implementaci\u00f3n de las medidas de seguridad dispuestas en el Reglamento (UE) 2016\/679, del Parlamento Europeo y del Consejo, de 27 de abril de 2016 (RGPD), relativo a la protecci\u00f3n de las personas f\u00edsicas en lo que respecta al tratamiento de datos personales y a la libre circulaci\u00f3n de estos datos y por el que se deroga la Directiva 95\/46\/CE, y por la Ley Org\u00e1nica 3\/2018, de 5 de diciembre, de Protecci\u00f3n de datos personales y garant\u00eda de los derechos digitales.<\/p>\n<p><strong>GRUPO HGR 90, S.L. <\/strong>pone a disposici\u00f3n de los usuarios la\u00a0Pol\u00edtica de Privacidad\u00a0informando a los usuarios respecto a los siguientes aspectos:<\/p>\n<p>Datos del Responsable del tratamiento.<br \/>\nFinalidad del tratamiento.<br \/>\nLegitimaci\u00f3n para poder tratar datos personales.<br \/>\nPlazos de conservaci\u00f3n de datos personales<br \/>\nDestinatarios de la informaci\u00f3n.<br \/>\nSobre los derechos que asisten a todo usuario y el procedimiento para ejercitarlos, el usuario tiene la opci\u00f3n de aceptar o rechazar las condiciones legales en las cuales facilitar\u00e1 sus datos. La aceptaci\u00f3n se considera como consentimiento y autorizaci\u00f3n expresa al tratamiento de los datos para las finalidades especificadas en la cl\u00e1usula espec\u00edfica para cada formulario. El fichero en el que se incluir\u00e1n los datos personales es titularidad de <strong>GRUPO HGR 90, S.L.<\/strong>\u00a0Aquellas personas que hayan facilitado sus datos personales, podr\u00e1n dirigirse por escrito a la direcci\u00f3n del Responsable del tratamiento, con el fin de ejercitar sus derechos a retirar el consentimiento prestado en cualquier momento o el derecho de acceso, rectificaci\u00f3n, supresi\u00f3n limitaci\u00f3n, oposici\u00f3n a su tratamiento, o portabilidad de datos, teniendo en cuenta que el ejercicio de los mismos es personal\u00edsimo, por lo que ser\u00e1 necesario que el afectado acredite su identidad\u201d.<\/p>\n<p><strong><br \/>\nPROPIEDAD INTELECTUAL, NORMATIVA Y FORO<\/strong><\/p>\n<p>El sitio web, incluyendo a t\u00edtulo enunciativo pero no limitativo su programaci\u00f3n, edici\u00f3n, compilaci\u00f3n y dem\u00e1s elementos necesarios para su funcionamiento, los dise\u00f1os, logotipos, texto y\/o gr\u00e1ficos son propiedad de \u00abGrupo HGR 90, S.L.\u00bb o en su caso dispone de licencia o autorizaci\u00f3n expresa por parte de los autores.<\/p>\n<p>Todos los contenidos del sitio web se encuentran debidamente protegidos por la normativa de propiedad intelectual e industrial, as\u00ed como inscritos en los registros p\u00fablicos correspondientes, y no se permite la reproducci\u00f3n y\/o publicaci\u00f3n, total o parcial, del sitio web, ni su tratamiento inform\u00e1tico, su distribuci\u00f3n, difusi\u00f3n,\u00a0modificaci\u00f3n o transformaci\u00f3n, sin el permiso previo y por escrito del mismo.<\/p>\n<p>Los dise\u00f1os, logotipos, texto y\/o gr\u00e1ficos ajenos a \u00abGrupo HGR 90, S.L.\u00bb y que pudieran aparecer en el sitio web, pertenecen a sus respectivos propietarios, siendo ellos mismos responsables de cualquier posible controversia que pudiera suscitarse respecto a los mismos. En todo caso, \u00abGrupo HGR 90, S.L.\u00bb cuenta con la autorizaci\u00f3n expresa y previa por parte de los mismos. \u00abGrupo HGR 90, S.L.\u00bb reconoce a favor de sus titulares los correspondientes derechos de propiedad industrial e intelectual, no implicando su sola menci\u00f3n o aparici\u00f3n en el sitio web la existencia de derechos o responsabilidad alguna del prestador sobre los mismos, como tampoco respaldo, patrocinio o recomendaci\u00f3n por parte del mismo.<\/p>\n<p>El usuario puede utilizar el material que aparezca en este sitio web para su uso personal y privado, quedando prohibido su uso con fines comerciales. \u00abGrupo HGR 90, S.L.\u00bb velar\u00e1 por el cumplimiento de las anteriores condiciones, como por la debida utilizaci\u00f3n de los contenidos presentados en sus p\u00e1ginas web, ejercitando todas las acciones civiles y penales que le correspondan en el caso de infracci\u00f3n o incumplimiento de estos derechos por parte del usuario.<\/p>\n<p><strong>LEY APLICABLE Y JURISDICCI\u00d3N<\/strong><\/p>\n<p>Las presentes Condiciones de Uso del sitio web se rigen en todos y cada uno de sus extremos por la ley espa\u00f1ola. El idioma de redacci\u00f3n e interpretaci\u00f3n de este aviso legal es el espa\u00f1ol. Para la resoluci\u00f3n de todas las controversias o cuestiones relacionadas con el presente sitio web o de las actividades en \u00e9l desarrolladas, ser\u00e1 de aplicaci\u00f3n la legislaci\u00f3n espa\u00f1ola, a la que se someten expresamente las partes, siendo competentes para la resoluci\u00f3n de todos los conflictos derivados o relacionados con su uso los Juzgados y Tribunales de \u00c1vila.<\/p>\n<p>&nbsp;<\/p>\n","protected":false},"excerpt":{"rendered":"<p>En cumplimiento de la\u00a0Ley 34\/2002, de 11 de julio, de Servicios de la Sociedad de la Informaci\u00f3n y Comercio Electr\u00f3nico (LSSI CE), informamos a los usuarios de los datos de la empresa propietaria de esta web: Responsable -Denominaci\u00f3n Social: Grupo HGR 90, S.L. -CIF \/ NIF: B10574705 -Nombre Comercial: Construcciones HGR -Domicilio Social: C\/Ciudad de [&hellip;]<\/p>\n","protected":false},"author":1,"featured_media":0,"parent":0,"menu_order":0,"comment_status":"closed","ping_status":"closed","template":"","meta":{"_et_pb_use_builder":"","_et_pb_old_content":"","_et_gb_content_width":"","footnotes":""},"class_list":["post-177","page","type-page","status-publish","hentry"],"yoast_head":"<!-- This site is optimized with the Yoast SEO plugin v24.7 - https:\/\/yoast.com\/wordpress\/plugins\/seo\/ -->\n<title>Aviso Legal - Construcciones HGR<\/title>\n<meta name=\"description\" content=\"En cumplimiento de la\u00a0Ley 34\/2002, de 11 de julio, de Servicios de la Sociedad de la Informaci\u00f3n y Comercio Electr\u00f3nico (LSSI CE), informamos a los\" \/>\n<meta name=\"robots\" content=\"index, follow, max-snippet:-1, max-image-preview:large, max-video-preview:-1\" \/>\n<link rel=\"canonical\" href=\"https:\/\/construccioneshgr.es\/index.php\/aviso-legal\/\" \/>\n<meta property=\"og:locale\" content=\"es_ES\" \/>\n<meta property=\"og:type\" content=\"article\" \/>\n<meta property=\"og:title\" content=\"Aviso Legal - Construcciones HGR\" \/>\n<meta property=\"og:description\" content=\"En cumplimiento de la\u00a0Ley 34\/2002, de 11 de julio, de Servicios de la Sociedad de la Informaci\u00f3n y Comercio Electr\u00f3nico (LSSI CE), informamos a los\" \/>\n<meta property=\"og:url\" content=\"https:\/\/construccioneshgr.es\/index.php\/aviso-legal\/\" \/>\n<meta property=\"og:site_name\" content=\"Construcciones HGR\" \/>\n<meta property=\"article:modified_time\" content=\"2023-01-17T23:47:57+00:00\" \/>\n<meta name=\"twitter:card\" content=\"summary_large_image\" \/>\n<meta name=\"twitter:label1\" content=\"Tiempo de lectura\" \/>\n\t<meta name=\"twitter:data1\" content=\"5 minutos\" \/>\n<script type=\"application\/ld+json\" class=\"yoast-schema-graph\">{\"@context\":\"https:\/\/schema.org\",\"@graph\":[{\"@type\":\"WebPage\",\"@id\":\"https:\/\/construccioneshgr.es\/index.php\/aviso-legal\/\",\"url\":\"https:\/\/construccioneshgr.es\/index.php\/aviso-legal\/\",\"name\":\"Aviso Legal - Construcciones HGR\",\"isPartOf\":{\"@id\":\"https:\/\/construccioneshgr.es\/#website\"},\"datePublished\":\"2023-01-13T23:23:56+00:00\",\"dateModified\":\"2023-01-17T23:47:57+00:00\",\"description\":\"En cumplimiento de la\u00a0Ley 34\/2002, de 11 de julio, de Servicios de la Sociedad de la Informaci\u00f3n y Comercio Electr\u00f3nico (LSSI CE), informamos a los\",\"breadcrumb\":{\"@id\":\"https:\/\/construccioneshgr.es\/index.php\/aviso-legal\/#breadcrumb\"},\"inLanguage\":\"es\",\"potentialAction\":[{\"@type\":\"ReadAction\",\"target\":[\"https:\/\/construccioneshgr.es\/index.php\/aviso-legal\/\"]}]},{\"@type\":\"BreadcrumbList\",\"@id\":\"https:\/\/construccioneshgr.es\/index.php\/aviso-legal\/#breadcrumb\",\"itemListElement\":[{\"@type\":\"ListItem\",\"position\":1,\"name\":\"Portada\",\"item\":\"https:\/\/construccioneshgr.es\/\"},{\"@type\":\"ListItem\",\"position\":2,\"name\":\"Aviso Legal\"}]},{\"@type\":\"WebSite\",\"@id\":\"https:\/\/construccioneshgr.es\/#website\",\"url\":\"https:\/\/construccioneshgr.es\/\",\"name\":\"Construcciones HGR\",\"description\":\"\",\"potentialAction\":[{\"@type\":\"SearchAction\",\"target\":{\"@type\":\"EntryPoint\",\"urlTemplate\":\"https:\/\/construccioneshgr.es\/?s={search_term_string}\"},\"query-input\":{\"@type\":\"PropertyValueSpecification\",\"valueRequired\":true,\"valueName\":\"search_term_string\"}}],\"inLanguage\":\"es\"}]}<\/script>\n<!-- \/ Yoast SEO plugin. -->","yoast_head_json":{"title":"Aviso Legal - Construcciones HGR","description":"En cumplimiento de la\u00a0Ley 34\/2002, de 11 de julio, de Servicios de la Sociedad de la Informaci\u00f3n y Comercio Electr\u00f3nico (LSSI CE), informamos a los","robots":{"index":"index","follow":"follow","max-snippet":"max-snippet:-1","max-image-preview":"max-image-preview:large","max-video-preview":"max-video-preview:-1"},"canonical":"https:\/\/construccioneshgr.es\/index.php\/aviso-legal\/","og_locale":"es_ES","og_type":"article","og_title":"Aviso Legal - Construcciones HGR","og_description":"En cumplimiento de la\u00a0Ley 34\/2002, de 11 de julio, de Servicios de la Sociedad de la Informaci\u00f3n y Comercio Electr\u00f3nico (LSSI CE), informamos a los","og_url":"https:\/\/construccioneshgr.es\/index.php\/aviso-legal\/","og_site_name":"Construcciones HGR","article_modified_time":"2023-01-17T23:47:57+00:00","twitter_card":"summary_large_image","twitter_misc":{"Tiempo de lectura":"5 minutos"},"schema":{"@context":"https:\/\/schema.org","@graph":[{"@type":"WebPage","@id":"https:\/\/construccioneshgr.es\/index.php\/aviso-legal\/","url":"https:\/\/construccioneshgr.es\/index.php\/aviso-legal\/","name":"Aviso Legal - Construcciones HGR","isPartOf":{"@id":"https:\/\/construccioneshgr.es\/#website"},"datePublished":"2023-01-13T23:23:56+00:00","dateModified":"2023-01-17T23:47:57+00:00","description":"En cumplimiento de la\u00a0Ley 34\/2002, de 11 de julio, de Servicios de la Sociedad de la Informaci\u00f3n y Comercio Electr\u00f3nico (LSSI CE), informamos a los","breadcrumb":{"@id":"https:\/\/construccioneshgr.es\/index.php\/aviso-legal\/#breadcrumb"},"inLanguage":"es","potentialAction":[{"@type":"ReadAction","target":["https:\/\/construccioneshgr.es\/index.php\/aviso-legal\/"]}]},{"@type":"BreadcrumbList","@id":"https:\/\/construccioneshgr.es\/index.php\/aviso-legal\/#breadcrumb","itemListElement":[{"@type":"ListItem","position":1,"name":"Portada","item":"https:\/\/construccioneshgr.es\/"},{"@type":"ListItem","position":2,"name":"Aviso Legal"}]},{"@type":"WebSite","@id":"https:\/\/construccioneshgr.es\/#website","url":"https:\/\/construccioneshgr.es\/","name":"Construcciones HGR","description":"","potentialAction":[{"@type":"SearchAction","target":{"@type":"EntryPoint","urlTemplate":"https:\/\/construccioneshgr.es\/?s={search_term_string}"},"query-input":{"@type":"PropertyValueSpecification","valueRequired":true,"valueName":"search_term_string"}}],"inLanguage":"es"}]}},"jetpack_sharing_enabled":true,"_links":{"self":[{"href":"https:\/\/construccioneshgr.es\/index.php\/wp-json\/wp\/v2\/pages\/177","targetHints":{"allow":["GET"]}}],"collection":[{"href":"https:\/\/construccioneshgr.es\/index.php\/wp-json\/wp\/v2\/pages"}],"about":[{"href":"https:\/\/construccioneshgr.es\/index.php\/wp-json\/wp\/v2\/types\/page"}],"author":[{"embeddable":true,"href":"https:\/\/construccioneshgr.es\/index.php\/wp-json\/wp\/v2\/users\/1"}],"replies":[{"embeddable":true,"href":"https:\/\/construccioneshgr.es\/index.php\/wp-json\/wp\/v2\/comments?post=177"}],"version-history":[{"count":6,"href":"https:\/\/construccioneshgr.es\/index.php\/wp-json\/wp\/v2\/pages\/177\/revisions"}],"predecessor-version":[{"id":194,"href":"https:\/\/construccioneshgr.es\/index.php\/wp-json\/wp\/v2\/pages\/177\/revisions\/194"}],"wp:attachment":[{"href":"https:\/\/construccioneshgr.es\/index.php\/wp-json\/wp\/v2\/media?parent=177"}],"curies":[{"name":"wp","href":"https:\/\/api.w.org\/{rel}","templated":true}]}}